{"id":58,"date":"2024-03-06T12:30:45","date_gmt":"2024-03-06T12:30:45","guid":{"rendered":"http:\/\/thethreeroses.es\/?page_id=58"},"modified":"2024-03-18T22:15:33","modified_gmt":"2024-03-18T22:15:33","slug":"menu","status":"publish","type":"page","link":"https:\/\/thethreeroses.es\/en\/inicio\/menu\/","title":{"rendered":"Menu"},"content":{"rendered":"<div data-elementor-type=\"wp-page\" data-elementor-id=\"58\" class=\"elementor elementor-58\" data-elementor-post-type=\"page\">\n\t\t\t\t\t\t\t<div class=\"elementor-element elementor-element-df3376f e-flex e-con-boxed e-con e-parent\" data-id=\"df3376f\" data-element_type=\"container\" data-settings=\"{&quot;background_background&quot;:&quot;classic&quot;,&quot;content_width&quot;:&quot;boxed&quot;}\" data-core-v316-plus=\"true\">\n\t\t\t\t\t<div class=\"e-con-inner\">\n\t\t<div class=\"elementor-element elementor-element-63f0a43 e-con-full e-flex e-con e-child\" data-id=\"63f0a43\" data-element_type=\"container\" data-settings=\"{&quot;content_width&quot;:&quot;full&quot;}\">\n\t\t\t\t<div class=\"elementor-element elementor-element-962a305 elementor-cta--skin-cover elementor-cta--valign-middle elementor-animated-content elementor-bg-transform elementor-bg-transform-zoom-in elementor-widget elementor-widget-call-to-action\" data-id=\"962a305\" data-element_type=\"widget\" data-widget_type=\"call-to-action.default\">\n\t\t\t\t<div class=\"elementor-widget-container\">\n\t\t\t<link rel=\"stylesheet\" href=\"http:\/\/thethreeroses.es\/wp-content\/plugins\/elementor-pro\/assets\/css\/widget-call-to-action.min.css\">\t\t<a class=\"elementor-cta\" href=\"https:\/\/thethreeroses.es\/wp-content\/uploads\/2024\/03\/The-Three-Roses-Carta-1.pdf\">\n\t\t\t\t\t<div class=\"elementor-cta__bg-wrapper\">\n\t\t\t\t<div class=\"elementor-cta__bg elementor-bg\" style=\"background-image: url(https:\/\/thethreeroses.es\/wp-content\/uploads\/2024\/03\/photo_2024-03-11_23-09-47.jpg);\" role=\"img\" aria-label=\"photo_2024-03-11_23-09-47\"><\/div>\n\t\t\t\t<div class=\"elementor-cta__bg-overlay\"><\/div>\n\t\t\t<\/div>\n\t\t\t\t\t\t\t<div class=\"elementor-cta__content\">\n\t\t\t\t\n\t\t\t\t\t\t\t\t\t<h1 class=\"elementor-cta__title elementor-cta__content-item elementor-content-item elementor-animated-item--grow\">\n\t\t\t\t\t\tSPANISH\t\t\t\t\t<\/h1>\n\t\t\t\t\n\t\t\t\t\n\t\t\t\t\t\t\t<\/div>\n\t\t\t\t\t\t<\/a>\n\t\t\t\t<\/div>\n\t\t\t\t<\/div>\n\t\t\t\t<div class=\"elementor-element elementor-element-4a0580e elementor-widget__width-initial elementor-absolute elementor-invisible elementor-widget elementor-widget-heading\" data-id=\"4a0580e\" data-element_type=\"widget\" data-settings=\"{&quot;motion_fx_motion_fx_scrolling&quot;:&quot;yes&quot;,&quot;motion_fx_rotateZ_effect&quot;:&quot;yes&quot;,&quot;motion_fx_rotateZ_speed&quot;:{&quot;unit&quot;:&quot;px&quot;,&quot;size&quot;:10,&quot;sizes&quot;:[]},&quot;motion_fx_rotateZ_affectedRange&quot;:{&quot;unit&quot;:&quot;%&quot;,&quot;size&quot;:&quot;&quot;,&quot;sizes&quot;:{&quot;start&quot;:95,&quot;end&quot;:95}},&quot;motion_fx_devices&quot;:[&quot;desktop&quot;,&quot;tablet&quot;],&quot;_position&quot;:&quot;absolute&quot;,&quot;_animation&quot;:&quot;slideInDown&quot;}\" data-widget_type=\"heading.default\">\n\t\t\t\t<div class=\"elementor-widget-container\">\n\t\t\t<style>\/*! elementor - v3.17.0 - 08-11-2023 *\/\n.elementor-heading-title{padding:0;margin:0;line-height:1}.elementor-widget-heading .elementor-heading-title[class*=elementor-size-]>a{color:inherit;font-size:inherit;line-height:inherit}.elementor-widget-heading .elementor-heading-title.elementor-size-small{font-size:15px}.elementor-widget-heading .elementor-heading-title.elementor-size-medium{font-size:19px}.elementor-widget-heading .elementor-heading-title.elementor-size-large{font-size:29px}.elementor-widget-heading .elementor-heading-title.elementor-size-xl{font-size:39px}.elementor-widget-heading .elementor-heading-title.elementor-size-xxl{font-size:59px}<\/style><h6 class=\"elementor-heading-title elementor-size-default\">MENU<\/h6>\t\t<\/div>\n\t\t\t\t<\/div>\n\t\t\t\t<div class=\"elementor-element elementor-element-0cd3007 elementor-widget__width-initial elementor-absolute elementor-widget-mobile__width-initial e-transform elementor-widget elementor-widget-image\" data-id=\"0cd3007\" data-element_type=\"widget\" data-settings=\"{&quot;_position&quot;:&quot;absolute&quot;,&quot;_transform_rotateZ_effect&quot;:{&quot;unit&quot;:&quot;px&quot;,&quot;size&quot;:-40,&quot;sizes&quot;:[]},&quot;_transform_rotateZ_effect_tablet&quot;:{&quot;unit&quot;:&quot;deg&quot;,&quot;size&quot;:&quot;&quot;,&quot;sizes&quot;:[]},&quot;_transform_rotateZ_effect_mobile&quot;:{&quot;unit&quot;:&quot;deg&quot;,&quot;size&quot;:&quot;&quot;,&quot;sizes&quot;:[]}}\" data-widget_type=\"image.default\">\n\t\t\t\t<div class=\"elementor-widget-container\">\n\t\t\t<style>\/*! elementor - v3.17.0 - 08-11-2023 *\/\n.elementor-widget-image{text-align:center}.elementor-widget-image a{display:inline-block}.elementor-widget-image a img[src$=\".svg\"]{width:48px}.elementor-widget-image img{vertical-align:middle;display:inline-block}<\/style>\t\t\t\t\t\t\t\t\t\t\t\t<img fetchpriority=\"high\" decoding=\"async\" width=\"838\" height=\"750\" src=\"https:\/\/thethreeroses.es\/wp-content\/uploads\/2024\/03\/shape-3.png\" class=\"attachment-large size-large wp-image-22\" alt=\"\" srcset=\"https:\/\/thethreeroses.es\/wp-content\/uploads\/2024\/03\/shape-3.png 838w, https:\/\/thethreeroses.es\/wp-content\/uploads\/2024\/03\/shape-3-300x268.png 300w, https:\/\/thethreeroses.es\/wp-content\/uploads\/2024\/03\/shape-3-768x687.png 768w\" sizes=\"(max-width: 838px) 100vw, 838px\" \/>\t\t\t\t\t\t\t\t\t\t\t\t\t\t\t<\/div>\n\t\t\t\t<\/div>\n\t\t\t\t<div class=\"elementor-element elementor-element-1e84f28 elementor-widget__width-initial elementor-absolute elementor-widget-mobile__width-initial e-transform elementor-widget elementor-widget-image\" data-id=\"1e84f28\" data-element_type=\"widget\" data-settings=\"{&quot;_position&quot;:&quot;absolute&quot;,&quot;_transform_rotateZ_effect&quot;:{&quot;unit&quot;:&quot;px&quot;,&quot;size&quot;:-9,&quot;sizes&quot;:[]},&quot;_transform_rotateZ_effect_tablet&quot;:{&quot;unit&quot;:&quot;deg&quot;,&quot;size&quot;:&quot;&quot;,&quot;sizes&quot;:[]},&quot;_transform_rotateZ_effect_mobile&quot;:{&quot;unit&quot;:&quot;deg&quot;,&quot;size&quot;:&quot;&quot;,&quot;sizes&quot;:[]}}\" data-widget_type=\"image.default\">\n\t\t\t\t<div class=\"elementor-widget-container\">\n\t\t\t\t\t\t\t\t\t\t\t\t\t\t\t<img fetchpriority=\"high\" decoding=\"async\" width=\"838\" height=\"750\" src=\"https:\/\/thethreeroses.es\/wp-content\/uploads\/2024\/03\/shape-3.png\" class=\"attachment-large size-large wp-image-22\" alt=\"\" srcset=\"https:\/\/thethreeroses.es\/wp-content\/uploads\/2024\/03\/shape-3.png 838w, https:\/\/thethreeroses.es\/wp-content\/uploads\/2024\/03\/shape-3-300x268.png 300w, https:\/\/thethreeroses.es\/wp-content\/uploads\/2024\/03\/shape-3-768x687.png 768w\" sizes=\"(max-width: 838px) 100vw, 838px\" \/>\t\t\t\t\t\t\t\t\t\t\t\t\t\t\t<\/div>\n\t\t\t\t<\/div>\n\t\t\t\t<div class=\"elementor-element elementor-element-a5427e4 elementor-widget__width-initial elementor-absolute elementor-widget-mobile__width-initial e-transform elementor-widget elementor-widget-image\" data-id=\"a5427e4\" data-element_type=\"widget\" data-settings=\"{&quot;_position&quot;:&quot;absolute&quot;,&quot;_transform_rotateZ_effect&quot;:{&quot;unit&quot;:&quot;px&quot;,&quot;size&quot;:-9,&quot;sizes&quot;:[]},&quot;_transform_rotateZ_effect_tablet&quot;:{&quot;unit&quot;:&quot;deg&quot;,&quot;size&quot;:&quot;&quot;,&quot;sizes&quot;:[]},&quot;_transform_rotateZ_effect_mobile&quot;:{&quot;unit&quot;:&quot;deg&quot;,&quot;size&quot;:&quot;&quot;,&quot;sizes&quot;:[]}}\" data-widget_type=\"image.default\">\n\t\t\t\t<div class=\"elementor-widget-container\">\n\t\t\t\t\t\t\t\t\t\t\t\t\t\t\t<img fetchpriority=\"high\" decoding=\"async\" width=\"838\" height=\"750\" src=\"https:\/\/thethreeroses.es\/wp-content\/uploads\/2024\/03\/shape-3.png\" class=\"attachment-large size-large wp-image-22\" alt=\"\" srcset=\"https:\/\/thethreeroses.es\/wp-content\/uploads\/2024\/03\/shape-3.png 838w, https:\/\/thethreeroses.es\/wp-content\/uploads\/2024\/03\/shape-3-300x268.png 300w, https:\/\/thethreeroses.es\/wp-content\/uploads\/2024\/03\/shape-3-768x687.png 768w\" sizes=\"(max-width: 838px) 100vw, 838px\" \/>\t\t\t\t\t\t\t\t\t\t\t\t\t\t\t<\/div>\n\t\t\t\t<\/div>\n\t\t\t\t<\/div>\n\t\t<div class=\"elementor-element elementor-element-b31098a e-con-full e-flex e-con e-child\" data-id=\"b31098a\" data-element_type=\"container\" data-settings=\"{&quot;content_width&quot;:&quot;full&quot;}\">\n\t\t\t\t<div class=\"elementor-element elementor-element-e3e78df elementor-widget__width-initial elementor-absolute elementor-hidden-tablet elementor-hidden-phone elementor-invisible elementor-widget elementor-widget-image\" data-id=\"e3e78df\" data-element_type=\"widget\" data-settings=\"{&quot;_position&quot;:&quot;absolute&quot;,&quot;motion_fx_motion_fx_scrolling&quot;:&quot;yes&quot;,&quot;motion_fx_translateY_effect&quot;:&quot;yes&quot;,&quot;motion_fx_translateY_speed&quot;:{&quot;unit&quot;:&quot;px&quot;,&quot;size&quot;:2,&quot;sizes&quot;:[]},&quot;_animation&quot;:&quot;slideInUp&quot;,&quot;motion_fx_translateY_affectedRange&quot;:{&quot;unit&quot;:&quot;%&quot;,&quot;size&quot;:&quot;&quot;,&quot;sizes&quot;:{&quot;start&quot;:0,&quot;end&quot;:100}},&quot;motion_fx_devices&quot;:[&quot;desktop&quot;,&quot;tablet&quot;,&quot;mobile&quot;]}\" data-widget_type=\"image.default\">\n\t\t\t\t<div class=\"elementor-widget-container\">\n\t\t\t\t\t\t\t\t\t\t\t\t\t\t\t<img decoding=\"async\" width=\"119\" height=\"119\" src=\"https:\/\/thethreeroses.es\/wp-content\/uploads\/2024\/03\/shape-6.png\" class=\"attachment-full size-full wp-image-32\" alt=\"\" \/>\t\t\t\t\t\t\t\t\t\t\t\t\t\t\t<\/div>\n\t\t\t\t<\/div>\n\t\t\t\t<div class=\"elementor-element elementor-element-11215cb elementor-widget__width-initial elementor-absolute elementor-widget-tablet__width-initial elementor-widget elementor-widget-image\" data-id=\"11215cb\" data-element_type=\"widget\" data-settings=\"{&quot;_position&quot;:&quot;absolute&quot;,&quot;motion_fx_motion_fx_scrolling&quot;:&quot;yes&quot;,&quot;motion_fx_translateX_effect&quot;:&quot;yes&quot;,&quot;motion_fx_translateX_direction&quot;:&quot;negative&quot;,&quot;motion_fx_translateX_affectedRange&quot;:{&quot;unit&quot;:&quot;%&quot;,&quot;size&quot;:&quot;&quot;,&quot;sizes&quot;:{&quot;start&quot;:50,&quot;end&quot;:100}},&quot;motion_fx_translateX_speed&quot;:{&quot;unit&quot;:&quot;px&quot;,&quot;size&quot;:4,&quot;sizes&quot;:[]},&quot;motion_fx_devices&quot;:[&quot;desktop&quot;,&quot;tablet&quot;,&quot;mobile&quot;]}\" data-widget_type=\"image.default\">\n\t\t\t\t<div class=\"elementor-widget-container\">\n\t\t\t\t\t\t\t\t\t\t\t\t\t\t\t<img decoding=\"async\" width=\"587\" height=\"873\" src=\"https:\/\/thethreeroses.es\/wp-content\/uploads\/2024\/03\/shape-8.png\" class=\"attachment-full size-full wp-image-36\" alt=\"\" srcset=\"https:\/\/thethreeroses.es\/wp-content\/uploads\/2024\/03\/shape-8.png 587w, https:\/\/thethreeroses.es\/wp-content\/uploads\/2024\/03\/shape-8-202x300.png 202w\" sizes=\"(max-width: 587px) 100vw, 587px\" \/>\t\t\t\t\t\t\t\t\t\t\t\t\t\t\t<\/div>\n\t\t\t\t<\/div>\n\t\t\t\t<div class=\"elementor-element elementor-element-eeb78a2 elementor-cta--skin-cover elementor-cta--valign-middle elementor-animated-content elementor-bg-transform elementor-bg-transform-zoom-in elementor-widget elementor-widget-call-to-action\" data-id=\"eeb78a2\" data-element_type=\"widget\" data-widget_type=\"call-to-action.default\">\n\t\t\t\t<div class=\"elementor-widget-container\">\n\t\t\t\t\t<a class=\"elementor-cta\" href=\"https:\/\/thethreeroses.es\/wp-content\/uploads\/2024\/03\/The-Three-Roses-English-Menu.pdf\">\n\t\t\t\t\t<div class=\"elementor-cta__bg-wrapper\">\n\t\t\t\t<div class=\"elementor-cta__bg elementor-bg\" style=\"background-image: url(https:\/\/thethreeroses.es\/wp-content\/uploads\/2024\/03\/photo_2024-03-11_23-09-47-2.jpg);\" role=\"img\" aria-label=\"photo_2024-03-11_23-09-47 (2)\"><\/div>\n\t\t\t\t<div class=\"elementor-cta__bg-overlay\"><\/div>\n\t\t\t<\/div>\n\t\t\t\t\t\t\t<div class=\"elementor-cta__content\">\n\t\t\t\t\n\t\t\t\t\t\t\t\t\t<h1 class=\"elementor-cta__title elementor-cta__content-item elementor-content-item elementor-animated-item--grow\">\n\t\t\t\t\t\tENGLISH\t\t\t\t\t<\/h1>\n\t\t\t\t\n\t\t\t\t\n\t\t\t\t\t\t\t<\/div>\n\t\t\t\t\t\t<\/a>\n\t\t\t\t<\/div>\n\t\t\t\t<\/div>\n\t\t\t\t<div class=\"elementor-element elementor-element-73e7f99 elementor-widget__width-initial elementor-absolute elementor-invisible elementor-widget elementor-widget-heading\" data-id=\"73e7f99\" data-element_type=\"widget\" data-settings=\"{&quot;motion_fx_motion_fx_scrolling&quot;:&quot;yes&quot;,&quot;motion_fx_rotateZ_effect&quot;:&quot;yes&quot;,&quot;motion_fx_rotateZ_speed&quot;:{&quot;unit&quot;:&quot;px&quot;,&quot;size&quot;:10,&quot;sizes&quot;:[]},&quot;motion_fx_rotateZ_affectedRange&quot;:{&quot;unit&quot;:&quot;%&quot;,&quot;size&quot;:&quot;&quot;,&quot;sizes&quot;:{&quot;start&quot;:95,&quot;end&quot;:95}},&quot;motion_fx_devices&quot;:[&quot;desktop&quot;,&quot;tablet&quot;],&quot;_position&quot;:&quot;absolute&quot;,&quot;_animation&quot;:&quot;slideInDown&quot;,&quot;motion_fx_rotateZ_direction&quot;:&quot;negative&quot;}\" data-widget_type=\"heading.default\">\n\t\t\t\t<div class=\"elementor-widget-container\">\n\t\t\t<h6 class=\"elementor-heading-title elementor-size-default\">MENU<\/h6>\t\t<\/div>\n\t\t\t\t<\/div>\n\t\t\t\t<\/div>\n\t\t\t\t\t<\/div>\n\t\t\t\t<\/div>\n\t\t\t\t\t\t\t<\/div>","protected":false},"excerpt":{"rendered":"<p>SPANISH MENU ENGLISH MENU<\/p>","protected":false},"author":1,"featured_media":0,"parent":10,"menu_order":0,"comment_status":"closed","ping_status":"closed","template":"","meta":{"site-sidebar-layout":"default","site-content-layout":"","ast-site-content-layout":"","site-content-style":"default","site-sidebar-style":"default","ast-global-header-display":"","ast-banner-title-visibility":"","ast-main-header-display":"","ast-hfb-above-header-display":"","ast-hfb-below-header-display":"","ast-hfb-mobile-header-display":"","site-post-title":"disabled","ast-breadcrumbs-content":"","ast-featured-img":"","footer-sml-layout":"","theme-transparent-header-meta":"","adv-header-id-meta":"","stick-header-meta":"","header-above-stick-meta":"","header-main-stick-meta":"","header-below-stick-meta":"","astra-migrate-meta-layouts":"","footnotes":""},"yoast_head":"<!-- This site is optimized with the Yoast SEO plugin v22.3 - https:\/\/yoast.com\/wordpress\/plugins\/seo\/ -->\n<title>Menu - The Three Roses<\/title>\n<meta name=\"robots\" content=\"index, follow, max-snippet:-1, max-image-preview:large, max-video-preview:-1\" \/>\n<link rel=\"canonical\" href=\"https:\/\/thethreeroses.es\/en\/inicio\/menu\/\" \/>\n<meta property=\"og:locale\" content=\"en_GB\" \/>\n<meta property=\"og:type\" content=\"article\" \/>\n<meta property=\"og:title\" content=\"Menu - The Three Roses\" \/>\n<meta property=\"og:description\" content=\"ESPA\u00d1OL MEN\u00da INGL\u00c9S MEN\u00da\" \/>\n<meta property=\"og:url\" content=\"https:\/\/thethreeroses.es\/en\/inicio\/menu\/\" \/>\n<meta property=\"og:site_name\" content=\"The Three Roses\" \/>\n<meta property=\"article:modified_time\" content=\"2024-03-18T22:15:33+00:00\" \/>\n<meta property=\"og:image\" content=\"https:\/\/thethreeroses.es\/wp-content\/uploads\/2024\/03\/shape-3.png\" \/>\n<meta name=\"twitter:card\" content=\"summary_large_image\" \/>\n<script type=\"application\/ld+json\" class=\"yoast-schema-graph\">{\"@context\":\"https:\/\/schema.org\",\"@graph\":[{\"@type\":\"WebPage\",\"@id\":\"https:\/\/thethreeroses.es\/inicio\/menu\/\",\"url\":\"https:\/\/thethreeroses.es\/inicio\/menu\/\",\"name\":\"Menu - The Three Roses\",\"isPartOf\":{\"@id\":\"https:\/\/thethreeroses.es\/#website\"},\"primaryImageOfPage\":{\"@id\":\"https:\/\/thethreeroses.es\/inicio\/menu\/#primaryimage\"},\"image\":{\"@id\":\"https:\/\/thethreeroses.es\/inicio\/menu\/#primaryimage\"},\"thumbnailUrl\":\"https:\/\/thethreeroses.es\/wp-content\/uploads\/2024\/03\/shape-3.png\",\"datePublished\":\"2024-03-06T12:30:45+00:00\",\"dateModified\":\"2024-03-18T22:15:33+00:00\",\"breadcrumb\":{\"@id\":\"https:\/\/thethreeroses.es\/inicio\/menu\/#breadcrumb\"},\"inLanguage\":\"en-GB\",\"potentialAction\":[{\"@type\":\"ReadAction\",\"target\":[\"https:\/\/thethreeroses.es\/inicio\/menu\/\"]}]},{\"@type\":\"ImageObject\",\"inLanguage\":\"en-GB\",\"@id\":\"https:\/\/thethreeroses.es\/inicio\/menu\/#primaryimage\",\"url\":\"https:\/\/thethreeroses.es\/wp-content\/uploads\/2024\/03\/shape-3.png\",\"contentUrl\":\"https:\/\/thethreeroses.es\/wp-content\/uploads\/2024\/03\/shape-3.png\",\"width\":838,\"height\":750},{\"@type\":\"BreadcrumbList\",\"@id\":\"https:\/\/thethreeroses.es\/inicio\/menu\/#breadcrumb\",\"itemListElement\":[{\"@type\":\"ListItem\",\"position\":1,\"name\":\"Home\",\"item\":\"https:\/\/thethreeroses.es\/\"},{\"@type\":\"ListItem\",\"position\":2,\"name\":\"Inicio\",\"item\":\"https:\/\/thethreeroses.es\/\"},{\"@type\":\"ListItem\",\"position\":3,\"name\":\"Menu\"}]},{\"@type\":\"WebSite\",\"@id\":\"https:\/\/thethreeroses.es\/#website\",\"url\":\"https:\/\/thethreeroses.es\/\",\"name\":\"The Three Roses Bar-Cafeter\u00eda en Marbella\",\"description\":\"\",\"alternateName\":\"The Three Roses\",\"potentialAction\":[{\"@type\":\"SearchAction\",\"target\":{\"@type\":\"EntryPoint\",\"urlTemplate\":\"https:\/\/thethreeroses.es\/?s={search_term_string}\"},\"query-input\":\"required name=search_term_string\"}],\"inLanguage\":\"en-GB\"}]}<\/script>\n<!-- \/ Yoast SEO plugin. -->","yoast_head_json":{"title":"Menu - The Three Roses","robots":{"index":"index","follow":"follow","max-snippet":"max-snippet:-1","max-image-preview":"max-image-preview:large","max-video-preview":"max-video-preview:-1"},"canonical":"https:\/\/thethreeroses.es\/en\/inicio\/menu\/","og_locale":"en_GB","og_type":"article","og_title":"Menu - The Three Roses","og_description":"ESPA\u00d1OL MEN\u00da INGL\u00c9S MEN\u00da","og_url":"https:\/\/thethreeroses.es\/en\/inicio\/menu\/","og_site_name":"The Three Roses","article_modified_time":"2024-03-18T22:15:33+00:00","og_image":[{"url":"https:\/\/thethreeroses.es\/wp-content\/uploads\/2024\/03\/shape-3.png"}],"twitter_card":"summary_large_image","schema":{"@context":"https:\/\/schema.org","@graph":[{"@type":"WebPage","@id":"https:\/\/thethreeroses.es\/inicio\/menu\/","url":"https:\/\/thethreeroses.es\/inicio\/menu\/","name":"Menu - The Three Roses","isPartOf":{"@id":"https:\/\/thethreeroses.es\/#website"},"primaryImageOfPage":{"@id":"https:\/\/thethreeroses.es\/inicio\/menu\/#primaryimage"},"image":{"@id":"https:\/\/thethreeroses.es\/inicio\/menu\/#primaryimage"},"thumbnailUrl":"https:\/\/thethreeroses.es\/wp-content\/uploads\/2024\/03\/shape-3.png","datePublished":"2024-03-06T12:30:45+00:00","dateModified":"2024-03-18T22:15:33+00:00","breadcrumb":{"@id":"https:\/\/thethreeroses.es\/inicio\/menu\/#breadcrumb"},"inLanguage":"en-GB","potentialAction":[{"@type":"ReadAction","target":["https:\/\/thethreeroses.es\/inicio\/menu\/"]}]},{"@type":"ImageObject","inLanguage":"en-GB","@id":"https:\/\/thethreeroses.es\/inicio\/menu\/#primaryimage","url":"https:\/\/thethreeroses.es\/wp-content\/uploads\/2024\/03\/shape-3.png","contentUrl":"https:\/\/thethreeroses.es\/wp-content\/uploads\/2024\/03\/shape-3.png","width":838,"height":750},{"@type":"BreadcrumbList","@id":"https:\/\/thethreeroses.es\/inicio\/menu\/#breadcrumb","itemListElement":[{"@type":"ListItem","position":1,"name":"Home","item":"https:\/\/thethreeroses.es\/"},{"@type":"ListItem","position":2,"name":"Inicio","item":"https:\/\/thethreeroses.es\/"},{"@type":"ListItem","position":3,"name":"Menu"}]},{"@type":"WebSite","@id":"https:\/\/thethreeroses.es\/#website","url":"https:\/\/thethreeroses.es\/","name":"The Three Roses Bar-Cafeter\u00eda en Marbella","description":"","alternateName":"The Three Roses","potentialAction":[{"@type":"SearchAction","target":{"@type":"EntryPoint","urlTemplate":"https:\/\/thethreeroses.es\/?s={search_term_string}"},"query-input":"required name=search_term_string"}],"inLanguage":"en-GB"}]}},"_links":{"self":[{"href":"https:\/\/thethreeroses.es\/en\/wp-json\/wp\/v2\/pages\/58"}],"collection":[{"href":"https:\/\/thethreeroses.es\/en\/wp-json\/wp\/v2\/pages"}],"about":[{"href":"https:\/\/thethreeroses.es\/en\/wp-json\/wp\/v2\/types\/page"}],"author":[{"embeddable":true,"href":"https:\/\/thethreeroses.es\/en\/wp-json\/wp\/v2\/users\/1"}],"replies":[{"embeddable":true,"href":"https:\/\/thethreeroses.es\/en\/wp-json\/wp\/v2\/comments?post=58"}],"version-history":[{"count":124,"href":"https:\/\/thethreeroses.es\/en\/wp-json\/wp\/v2\/pages\/58\/revisions"}],"predecessor-version":[{"id":712,"href":"https:\/\/thethreeroses.es\/en\/wp-json\/wp\/v2\/pages\/58\/revisions\/712"}],"up":[{"embeddable":true,"href":"https:\/\/thethreeroses.es\/en\/wp-json\/wp\/v2\/pages\/10"}],"wp:attachment":[{"href":"https:\/\/thethreeroses.es\/en\/wp-json\/wp\/v2\/media?parent=58"}],"curies":[{"name":"wp","href":"https:\/\/api.w.org\/{rel}","templated":true}]}}