{"id":715,"date":"2024-03-18T22:37:16","date_gmt":"2024-03-18T22:37:16","guid":{"rendered":"https:\/\/thethreeroses.es\/?page_id=715"},"modified":"2024-03-18T22:49:35","modified_gmt":"2024-03-18T22:49:35","slug":"cookies","status":"publish","type":"page","link":"https:\/\/thethreeroses.es\/en\/cookies\/","title":{"rendered":"Cookie Policy"},"content":{"rendered":"<div data-elementor-type=\"wp-page\" data-elementor-id=\"715\" class=\"elementor elementor-715\" data-elementor-post-type=\"page\">\n\t\t\t\t\t\t\t<div class=\"elementor-element elementor-element-76de70a e-con-full e-flex e-con e-parent\" data-id=\"76de70a\" data-element_type=\"container\" data-settings=\"{&quot;content_width&quot;:&quot;full&quot;,&quot;background_background&quot;:&quot;classic&quot;}\" data-core-v316-plus=\"true\">\n\t\t\t\t<div class=\"elementor-element elementor-element-ad97044 elementor-widget-divider--view-line elementor-widget elementor-widget-divider\" data-id=\"ad97044\" data-element_type=\"widget\" data-widget_type=\"divider.default\">\n\t\t\t\t<div class=\"elementor-widget-container\">\n\t\t\t<style>\/*! elementor - v3.17.0 - 08-11-2023 *\/\n.elementor-widget-divider{--divider-border-style:none;--divider-border-width:1px;--divider-color:#0c0d0e;--divider-icon-size:20px;--divider-element-spacing:10px;--divider-pattern-height:24px;--divider-pattern-size:20px;--divider-pattern-url:none;--divider-pattern-repeat:repeat-x}.elementor-widget-divider .elementor-divider{display:flex}.elementor-widget-divider .elementor-divider__text{font-size:15px;line-height:1;max-width:95%}.elementor-widget-divider .elementor-divider__element{margin:0 var(--divider-element-spacing);flex-shrink:0}.elementor-widget-divider .elementor-icon{font-size:var(--divider-icon-size)}.elementor-widget-divider .elementor-divider-separator{display:flex;margin:0;direction:ltr}.elementor-widget-divider--view-line_icon .elementor-divider-separator,.elementor-widget-divider--view-line_text .elementor-divider-separator{align-items:center}.elementor-widget-divider--view-line_icon .elementor-divider-separator:after,.elementor-widget-divider--view-line_icon .elementor-divider-separator:before,.elementor-widget-divider--view-line_text .elementor-divider-separator:after,.elementor-widget-divider--view-line_text .elementor-divider-separator:before{display:block;content:\"\";border-bottom:0;flex-grow:1;border-top:var(--divider-border-width) var(--divider-border-style) var(--divider-color)}.elementor-widget-divider--element-align-left .elementor-divider .elementor-divider-separator>.elementor-divider__svg:first-of-type{flex-grow:0;flex-shrink:100}.elementor-widget-divider--element-align-left .elementor-divider-separator:before{content:none}.elementor-widget-divider--element-align-left .elementor-divider__element{margin-left:0}.elementor-widget-divider--element-align-right .elementor-divider .elementor-divider-separator>.elementor-divider__svg:last-of-type{flex-grow:0;flex-shrink:100}.elementor-widget-divider--element-align-right .elementor-divider-separator:after{content:none}.elementor-widget-divider--element-align-right .elementor-divider__element{margin-right:0}.elementor-widget-divider:not(.elementor-widget-divider--view-line_text):not(.elementor-widget-divider--view-line_icon) .elementor-divider-separator{border-top:var(--divider-border-width) var(--divider-border-style) var(--divider-color)}.elementor-widget-divider--separator-type-pattern{--divider-border-style:none}.elementor-widget-divider--separator-type-pattern.elementor-widget-divider--view-line .elementor-divider-separator,.elementor-widget-divider--separator-type-pattern:not(.elementor-widget-divider--view-line) .elementor-divider-separator:after,.elementor-widget-divider--separator-type-pattern:not(.elementor-widget-divider--view-line) .elementor-divider-separator:before,.elementor-widget-divider--separator-type-pattern:not([class*=elementor-widget-divider--view]) .elementor-divider-separator{width:100%;min-height:var(--divider-pattern-height);-webkit-mask-size:var(--divider-pattern-size) 100%;mask-size:var(--divider-pattern-size) 100%;-webkit-mask-repeat:var(--divider-pattern-repeat);mask-repeat:var(--divider-pattern-repeat);background-color:var(--divider-color);-webkit-mask-image:var(--divider-pattern-url);mask-image:var(--divider-pattern-url)}.elementor-widget-divider--no-spacing{--divider-pattern-size:auto}.elementor-widget-divider--bg-round{--divider-pattern-repeat:round}.rtl .elementor-widget-divider .elementor-divider__text{direction:rtl}.e-con-inner>.elementor-widget-divider,.e-con>.elementor-widget-divider{width:var(--container-widget-width,100%);--flex-grow:var(--container-widget-flex-grow)}<\/style>\t\t<div class=\"elementor-divider\">\n\t\t\t<span class=\"elementor-divider-separator\">\n\t\t\t\t\t\t<\/span>\n\t\t<\/div>\n\t\t\t\t<\/div>\n\t\t\t\t<\/div>\n\t\t\t\t<div class=\"elementor-element elementor-element-cec768e elementor-widget elementor-widget-heading\" data-id=\"cec768e\" data-element_type=\"widget\" data-widget_type=\"heading.default\">\n\t\t\t\t<div class=\"elementor-widget-container\">\n\t\t\t<style>\/*! elementor - v3.17.0 - 08-11-2023 *\/\n.elementor-heading-title{padding:0;margin:0;line-height:1}.elementor-widget-heading .elementor-heading-title[class*=elementor-size-]>a{color:inherit;font-size:inherit;line-height:inherit}.elementor-widget-heading .elementor-heading-title.elementor-size-small{font-size:15px}.elementor-widget-heading .elementor-heading-title.elementor-size-medium{font-size:19px}.elementor-widget-heading .elementor-heading-title.elementor-size-large{font-size:29px}.elementor-widget-heading .elementor-heading-title.elementor-size-xl{font-size:39px}.elementor-widget-heading .elementor-heading-title.elementor-size-xxl{font-size:59px}<\/style><h2 class=\"elementor-heading-title elementor-size-default\">Cookie Policy<\/h2>\t\t<\/div>\n\t\t\t\t<\/div>\n\t\t\t\t<div class=\"elementor-element elementor-element-9b70cb1 elementor-widget elementor-widget-text-editor\" data-id=\"9b70cb1\" data-element_type=\"widget\" data-widget_type=\"text-editor.default\">\n\t\t\t\t<div class=\"elementor-widget-container\">\n\t\t\t<style>\/*! elementor - v3.17.0 - 08-11-2023 *\/\n.elementor-widget-text-editor.elementor-drop-cap-view-stacked .elementor-drop-cap{background-color:#69727d;color:#fff}.elementor-widget-text-editor.elementor-drop-cap-view-framed .elementor-drop-cap{color:#69727d;border:3px solid;background-color:transparent}.elementor-widget-text-editor:not(.elementor-drop-cap-view-default) .elementor-drop-cap{margin-top:8px}.elementor-widget-text-editor:not(.elementor-drop-cap-view-default) .elementor-drop-cap-letter{width:1em;height:1em}.elementor-widget-text-editor .elementor-drop-cap{float:left;text-align:center;line-height:1;font-size:50px}.elementor-widget-text-editor .elementor-drop-cap-letter{display:inline-block}<\/style>\t\t\t\t<p>At TheThreeRoses.co.uk, we use cookies to enhance your browsing experience, provide additional functionality, analyse the use of our site and assist in our marketing efforts. This policy explains how we do this.<\/p><p>**What are cookies?<\/p><p>Cookies are small text files that websites place on your device as you browse the internet. They are used to remember your preferences, so you don't have to reset them each time you visit.<\/p><p>**Types of Cookies Used<\/p><p>1. **Necessary Cookies:** These cookies are essential for the basic operation of our website, such as providing a secure login or remembering your cookie consent preferences. They do not store any personally identifiable information.<\/p><p>- cookieyes-consent: Used to remember users' consent preferences.<br \/>- `__cf_bm`: This cookie, set by Cloudflare, is used to support Cloudflare's bot management.<br \/>- elementor': Allows the website owner to deploy or change the content of the site in real time.<br \/>- wpEmojiSettingsSupports: Set by WordPress, helps determine if the user's browser can display emojis correctly.<\/p><p>2. **Functional cookies:** They help to perform certain functionalities such as sharing website content on social media platforms, collecting comments and other third party features.<\/p><p>- `aka_debug`: Vimeo sets this cookie, which is essential for the video playback functionality of the website.<\/p><p>3. **Analytical cookies:** These are used to understand how visitors interact with the website. These cookies help to provide information on metrics such as number of visitors, bounce rate, traffic source, etc.<\/p><p>- vuid': Vimeo sets this cookie to collect tracking information by setting a unique ID for embedding videos on the website.<\/p><p>4. **Uncategorised cookies:** These are cookies that are being analysed and have not yet been classified in a category.<\/p><p>- `_cfuvid`: We currently do not have a description for this cookie.<\/p><p>**Cookie Management<\/p><p>You have control over cookie management and can adjust your preferences at any time through your browser settings. However, please note that blocking certain cookies may affect your user experience and the functionality of the website.<\/p><p>**Consent<\/p><p>By using our website, you consent to the use of cookies in accordance with this cookie policy. If you choose not to accept the use of cookies, we provide you with the option to adjust your preferences.<\/p><p>For more information on how we handle your personal data, we invite you to consult our Privacy Policy.<\/p>\t\t\t\t\t\t<\/div>\n\t\t\t\t<\/div>\n\t\t\t\t<\/div>\n\t\t\t\t\t\t\t<\/div>","protected":false},"excerpt":{"rendered":"<p>Cookie Policy At TheThreeRoses.co.uk, we use cookies to enhance your browsing experience, provide additional functionality, analyse the use of our site and assist in our marketing efforts. This policy explains how we do this. **What are cookies? Cookies are small text files that websites place on your device while you are browsing our website.<\/p>\n<p class=\"read-more\"> <a class=\"\" href=\"https:\/\/thethreeroses.es\/en\/cookies\/\"> <span class=\"screen-reader-text\">Cookie Policy<\/span> Read More \"<\/a><\/p>","protected":false},"author":1,"featured_media":0,"parent":0,"menu_order":0,"comment_status":"closed","ping_status":"closed","template":"","meta":{"site-sidebar-layout":"no-sidebar","site-content-layout":"","ast-site-content-layout":"full-width-container","site-content-style":"default","site-sidebar-style":"default","ast-global-header-display":"","ast-banner-title-visibility":"","ast-main-header-display":"","ast-hfb-above-header-display":"","ast-hfb-below-header-display":"","ast-hfb-mobile-header-display":"","site-post-title":"disabled","ast-breadcrumbs-content":"","ast-featured-img":"disabled","footer-sml-layout":"","theme-transparent-header-meta":"","adv-header-id-meta":"","stick-header-meta":"","header-above-stick-meta":"","header-main-stick-meta":"","header-below-stick-meta":"","astra-migrate-meta-layouts":"","footnotes":""},"yoast_head":"<!-- This site is optimized with the Yoast SEO plugin v22.3 - https:\/\/yoast.com\/wordpress\/plugins\/seo\/ -->\n<title>Pol\u00edtica de Cookies - The Three Roses<\/title>\n<meta name=\"robots\" content=\"index, follow, max-snippet:-1, max-image-preview:large, max-video-preview:-1\" \/>\n<link rel=\"canonical\" href=\"https:\/\/thethreeroses.es\/en\/cookies\/\" \/>\n<meta property=\"og:locale\" content=\"en_GB\" \/>\n<meta property=\"og:type\" content=\"article\" \/>\n<meta property=\"og:title\" content=\"Pol\u00edtica de Cookies - The Three Roses\" \/>\n<meta property=\"og:description\" content=\"Pol\u00edtica de Cookies En TheThreeRoses.es, utilizamos cookies para mejorar su experiencia de navegaci\u00f3n, proporcionar funcionalidades adicionales, analizar el uso de nuestro sitio y asistir en nuestros esfuerzos de marketing. Esta pol\u00edtica explica c\u00f3mo lo hacemos. **\u00bfQu\u00e9 son las cookies?** Las cookies son peque\u00f1os archivos de texto que los sitios web colocan en su dispositivo mientras &hellip; Pol\u00edtica de Cookies Read More &raquo;\" \/>\n<meta property=\"og:url\" content=\"https:\/\/thethreeroses.es\/en\/cookies\/\" \/>\n<meta property=\"og:site_name\" content=\"The Three Roses\" \/>\n<meta property=\"article:modified_time\" content=\"2024-03-18T22:49:35+00:00\" \/>\n<meta property=\"og:image\" content=\"https:\/\/thethreeroses.es\/wp-content\/uploads\/2024\/03\/photo_2024-03-11_23-09-55.jpg\" \/>\n\t<meta property=\"og:image:width\" content=\"1280\" \/>\n\t<meta property=\"og:image:height\" content=\"720\" \/>\n\t<meta property=\"og:image:type\" content=\"image\/jpeg\" \/>\n<meta name=\"twitter:card\" content=\"summary_large_image\" \/>\n<meta name=\"twitter:label1\" content=\"Estimated reading time\" \/>\n\t<meta name=\"twitter:data1\" content=\"2 minutes\" \/>\n<script type=\"application\/ld+json\" class=\"yoast-schema-graph\">{\"@context\":\"https:\/\/schema.org\",\"@graph\":[{\"@type\":\"WebPage\",\"@id\":\"https:\/\/thethreeroses.es\/cookies\/\",\"url\":\"https:\/\/thethreeroses.es\/cookies\/\",\"name\":\"Pol\u00edtica de Cookies - The Three Roses\",\"isPartOf\":{\"@id\":\"https:\/\/thethreeroses.es\/#website\"},\"datePublished\":\"2024-03-18T22:37:16+00:00\",\"dateModified\":\"2024-03-18T22:49:35+00:00\",\"breadcrumb\":{\"@id\":\"https:\/\/thethreeroses.es\/cookies\/#breadcrumb\"},\"inLanguage\":\"en-GB\",\"potentialAction\":[{\"@type\":\"ReadAction\",\"target\":[\"https:\/\/thethreeroses.es\/cookies\/\"]}]},{\"@type\":\"BreadcrumbList\",\"@id\":\"https:\/\/thethreeroses.es\/cookies\/#breadcrumb\",\"itemListElement\":[{\"@type\":\"ListItem\",\"position\":1,\"name\":\"Home\",\"item\":\"https:\/\/thethreeroses.es\/\"},{\"@type\":\"ListItem\",\"position\":2,\"name\":\"Pol\u00edtica de Cookies\"}]},{\"@type\":\"WebSite\",\"@id\":\"https:\/\/thethreeroses.es\/#website\",\"url\":\"https:\/\/thethreeroses.es\/\",\"name\":\"The Three Roses Bar-Cafeter\u00eda en Marbella\",\"description\":\"\",\"alternateName\":\"The Three Roses\",\"potentialAction\":[{\"@type\":\"SearchAction\",\"target\":{\"@type\":\"EntryPoint\",\"urlTemplate\":\"https:\/\/thethreeroses.es\/?s={search_term_string}\"},\"query-input\":\"required name=search_term_string\"}],\"inLanguage\":\"en-GB\"}]}<\/script>\n<!-- \/ Yoast SEO plugin. -->","yoast_head_json":{"title":"Pol\u00edtica de Cookies - The Three Roses","robots":{"index":"index","follow":"follow","max-snippet":"max-snippet:-1","max-image-preview":"max-image-preview:large","max-video-preview":"max-video-preview:-1"},"canonical":"https:\/\/thethreeroses.es\/en\/cookies\/","og_locale":"en_GB","og_type":"article","og_title":"Pol\u00edtica de Cookies - The Three Roses","og_description":"Pol\u00edtica de Cookies En TheThreeRoses.es, utilizamos cookies para mejorar su experiencia de navegaci\u00f3n, proporcionar funcionalidades adicionales, analizar el uso de nuestro sitio y asistir en nuestros esfuerzos de marketing. Esta pol\u00edtica explica c\u00f3mo lo hacemos. **\u00bfQu\u00e9 son las cookies?** Las cookies son peque\u00f1os archivos de texto que los sitios web colocan en su dispositivo mientras &hellip; Pol\u00edtica de Cookies Read More &raquo;","og_url":"https:\/\/thethreeroses.es\/en\/cookies\/","og_site_name":"The Three Roses","article_modified_time":"2024-03-18T22:49:35+00:00","og_image":[{"width":1280,"height":720,"url":"https:\/\/thethreeroses.es\/wp-content\/uploads\/2024\/03\/photo_2024-03-11_23-09-55.jpg","type":"image\/jpeg"}],"twitter_card":"summary_large_image","twitter_misc":{"Estimated reading time":"2 minutes"},"schema":{"@context":"https:\/\/schema.org","@graph":[{"@type":"WebPage","@id":"https:\/\/thethreeroses.es\/cookies\/","url":"https:\/\/thethreeroses.es\/cookies\/","name":"Pol\u00edtica de Cookies - The Three Roses","isPartOf":{"@id":"https:\/\/thethreeroses.es\/#website"},"datePublished":"2024-03-18T22:37:16+00:00","dateModified":"2024-03-18T22:49:35+00:00","breadcrumb":{"@id":"https:\/\/thethreeroses.es\/cookies\/#breadcrumb"},"inLanguage":"en-GB","potentialAction":[{"@type":"ReadAction","target":["https:\/\/thethreeroses.es\/cookies\/"]}]},{"@type":"BreadcrumbList","@id":"https:\/\/thethreeroses.es\/cookies\/#breadcrumb","itemListElement":[{"@type":"ListItem","position":1,"name":"Home","item":"https:\/\/thethreeroses.es\/"},{"@type":"ListItem","position":2,"name":"Pol\u00edtica de Cookies"}]},{"@type":"WebSite","@id":"https:\/\/thethreeroses.es\/#website","url":"https:\/\/thethreeroses.es\/","name":"The Three Roses Bar-Cafeter\u00eda en Marbella","description":"","alternateName":"The Three Roses","potentialAction":[{"@type":"SearchAction","target":{"@type":"EntryPoint","urlTemplate":"https:\/\/thethreeroses.es\/?s={search_term_string}"},"query-input":"required name=search_term_string"}],"inLanguage":"en-GB"}]}},"_links":{"self":[{"href":"https:\/\/thethreeroses.es\/en\/wp-json\/wp\/v2\/pages\/715"}],"collection":[{"href":"https:\/\/thethreeroses.es\/en\/wp-json\/wp\/v2\/pages"}],"about":[{"href":"https:\/\/thethreeroses.es\/en\/wp-json\/wp\/v2\/types\/page"}],"author":[{"embeddable":true,"href":"https:\/\/thethreeroses.es\/en\/wp-json\/wp\/v2\/users\/1"}],"replies":[{"embeddable":true,"href":"https:\/\/thethreeroses.es\/en\/wp-json\/wp\/v2\/comments?post=715"}],"version-history":[{"count":23,"href":"https:\/\/thethreeroses.es\/en\/wp-json\/wp\/v2\/pages\/715\/revisions"}],"predecessor-version":[{"id":754,"href":"https:\/\/thethreeroses.es\/en\/wp-json\/wp\/v2\/pages\/715\/revisions\/754"}],"wp:attachment":[{"href":"https:\/\/thethreeroses.es\/en\/wp-json\/wp\/v2\/media?parent=715"}],"curies":[{"name":"wp","href":"https:\/\/api.w.org\/{rel}","templated":true}]}}