{"id":723,"date":"2024-03-18T22:40:15","date_gmt":"2024-03-18T22:40:15","guid":{"rendered":"https:\/\/thethreeroses.es\/?page_id=723"},"modified":"2024-03-18T22:48:33","modified_gmt":"2024-03-18T22:48:33","slug":"privacidad","status":"publish","type":"page","link":"https:\/\/thethreeroses.es\/en\/privacidad\/","title":{"rendered":"Privacy Policy"},"content":{"rendered":"<div data-elementor-type=\"wp-page\" data-elementor-id=\"723\" class=\"elementor elementor-723\" data-elementor-post-type=\"page\">\n\t\t\t\t\t\t\t<div class=\"elementor-element elementor-element-5a23de9 e-con-full e-flex e-con e-parent\" data-id=\"5a23de9\" data-element_type=\"container\" data-settings=\"{&quot;content_width&quot;:&quot;full&quot;,&quot;background_background&quot;:&quot;classic&quot;}\" data-core-v316-plus=\"true\">\n\t\t\t\t<div class=\"elementor-element elementor-element-7aec4ff elementor-widget-divider--view-line elementor-widget elementor-widget-divider\" data-id=\"7aec4ff\" data-element_type=\"widget\" data-widget_type=\"divider.default\">\n\t\t\t\t<div class=\"elementor-widget-container\">\n\t\t\t<style>\/*! elementor - v3.17.0 - 08-11-2023 *\/\n.elementor-widget-divider{--divider-border-style:none;--divider-border-width:1px;--divider-color:#0c0d0e;--divider-icon-size:20px;--divider-element-spacing:10px;--divider-pattern-height:24px;--divider-pattern-size:20px;--divider-pattern-url:none;--divider-pattern-repeat:repeat-x}.elementor-widget-divider .elementor-divider{display:flex}.elementor-widget-divider .elementor-divider__text{font-size:15px;line-height:1;max-width:95%}.elementor-widget-divider .elementor-divider__element{margin:0 var(--divider-element-spacing);flex-shrink:0}.elementor-widget-divider .elementor-icon{font-size:var(--divider-icon-size)}.elementor-widget-divider .elementor-divider-separator{display:flex;margin:0;direction:ltr}.elementor-widget-divider--view-line_icon .elementor-divider-separator,.elementor-widget-divider--view-line_text .elementor-divider-separator{align-items:center}.elementor-widget-divider--view-line_icon .elementor-divider-separator:after,.elementor-widget-divider--view-line_icon .elementor-divider-separator:before,.elementor-widget-divider--view-line_text .elementor-divider-separator:after,.elementor-widget-divider--view-line_text .elementor-divider-separator:before{display:block;content:\"\";border-bottom:0;flex-grow:1;border-top:var(--divider-border-width) var(--divider-border-style) var(--divider-color)}.elementor-widget-divider--element-align-left .elementor-divider .elementor-divider-separator>.elementor-divider__svg:first-of-type{flex-grow:0;flex-shrink:100}.elementor-widget-divider--element-align-left .elementor-divider-separator:before{content:none}.elementor-widget-divider--element-align-left .elementor-divider__element{margin-left:0}.elementor-widget-divider--element-align-right .elementor-divider .elementor-divider-separator>.elementor-divider__svg:last-of-type{flex-grow:0;flex-shrink:100}.elementor-widget-divider--element-align-right .elementor-divider-separator:after{content:none}.elementor-widget-divider--element-align-right .elementor-divider__element{margin-right:0}.elementor-widget-divider:not(.elementor-widget-divider--view-line_text):not(.elementor-widget-divider--view-line_icon) .elementor-divider-separator{border-top:var(--divider-border-width) var(--divider-border-style) var(--divider-color)}.elementor-widget-divider--separator-type-pattern{--divider-border-style:none}.elementor-widget-divider--separator-type-pattern.elementor-widget-divider--view-line .elementor-divider-separator,.elementor-widget-divider--separator-type-pattern:not(.elementor-widget-divider--view-line) .elementor-divider-separator:after,.elementor-widget-divider--separator-type-pattern:not(.elementor-widget-divider--view-line) .elementor-divider-separator:before,.elementor-widget-divider--separator-type-pattern:not([class*=elementor-widget-divider--view]) .elementor-divider-separator{width:100%;min-height:var(--divider-pattern-height);-webkit-mask-size:var(--divider-pattern-size) 100%;mask-size:var(--divider-pattern-size) 100%;-webkit-mask-repeat:var(--divider-pattern-repeat);mask-repeat:var(--divider-pattern-repeat);background-color:var(--divider-color);-webkit-mask-image:var(--divider-pattern-url);mask-image:var(--divider-pattern-url)}.elementor-widget-divider--no-spacing{--divider-pattern-size:auto}.elementor-widget-divider--bg-round{--divider-pattern-repeat:round}.rtl .elementor-widget-divider .elementor-divider__text{direction:rtl}.e-con-inner>.elementor-widget-divider,.e-con>.elementor-widget-divider{width:var(--container-widget-width,100%);--flex-grow:var(--container-widget-flex-grow)}<\/style>\t\t<div class=\"elementor-divider\">\n\t\t\t<span class=\"elementor-divider-separator\">\n\t\t\t\t\t\t<\/span>\n\t\t<\/div>\n\t\t\t\t<\/div>\n\t\t\t\t<\/div>\n\t\t\t\t<div class=\"elementor-element elementor-element-a77e023 elementor-widget elementor-widget-heading\" data-id=\"a77e023\" data-element_type=\"widget\" data-widget_type=\"heading.default\">\n\t\t\t\t<div class=\"elementor-widget-container\">\n\t\t\t<style>\/*! elementor - v3.17.0 - 08-11-2023 *\/\n.elementor-heading-title{padding:0;margin:0;line-height:1}.elementor-widget-heading .elementor-heading-title[class*=elementor-size-]>a{color:inherit;font-size:inherit;line-height:inherit}.elementor-widget-heading .elementor-heading-title.elementor-size-small{font-size:15px}.elementor-widget-heading .elementor-heading-title.elementor-size-medium{font-size:19px}.elementor-widget-heading .elementor-heading-title.elementor-size-large{font-size:29px}.elementor-widget-heading .elementor-heading-title.elementor-size-xl{font-size:39px}.elementor-widget-heading .elementor-heading-title.elementor-size-xxl{font-size:59px}<\/style><h2 class=\"elementor-heading-title elementor-size-default\">Privacy Policy<\/h2>\t\t<\/div>\n\t\t\t\t<\/div>\n\t\t\t\t<div class=\"elementor-element elementor-element-a0fae51 elementor-widget elementor-widget-text-editor\" data-id=\"a0fae51\" data-element_type=\"widget\" data-widget_type=\"text-editor.default\">\n\t\t\t\t<div class=\"elementor-widget-container\">\n\t\t\t<style>\/*! elementor - v3.17.0 - 08-11-2023 *\/\n.elementor-widget-text-editor.elementor-drop-cap-view-stacked .elementor-drop-cap{background-color:#69727d;color:#fff}.elementor-widget-text-editor.elementor-drop-cap-view-framed .elementor-drop-cap{color:#69727d;border:3px solid;background-color:transparent}.elementor-widget-text-editor:not(.elementor-drop-cap-view-default) .elementor-drop-cap{margin-top:8px}.elementor-widget-text-editor:not(.elementor-drop-cap-view-default) .elementor-drop-cap-letter{width:1em;height:1em}.elementor-widget-text-editor .elementor-drop-cap{float:left;text-align:center;line-height:1;font-size:50px}.elementor-widget-text-editor .elementor-drop-cap-letter{display:inline-block}<\/style>\t\t\t\t<p>Privacy Policy<br \/>Last Update: 18 March 2024<br \/>Date of entry into force: 18 March 2024<\/p><p>This Privacy Policy describes the policies of The Three Roses, Colonia El Angel, Nueva Andalucia, Marbella, Malaga, Marbella 29660, Spain, email: Thethreerosesmarbella@gmail.com, phone: +34 634 623 965, regarding the collection, use and disclosure of your information that we collect when you use our website (https:\/\/thethreeroses.es) (the \"Service\"). By accessing or using the Service, you consent to the collection, use and disclosure of your information in accordance with this Privacy Policy. If you do not consent to the same, please do not access or use the Service.<br \/>We may modify this Privacy Policy at any time without prior notice and will post the revised Policy on the Service. The revised Policy will be effective 180 days after it is posted on the Service and your continued access to or use of the Service after such time will constitute your acceptance of the revised Privacy Policy. We therefore recommend that you periodically review this page.<\/p><p>How We Use Your Information:<br \/>We will use the information we collect about you for the following purposes:<\/p><p>Administrative information<br \/>If we want to use your information for any other purpose, we will ask you for consent and we will use your information only upon receiving your consent and then only for the purpose(s) for which you give consent unless we are required to do otherwise by law.<\/p><p>Your Rights:<br \/>Depending on the law that applies, you may have a right to access and rectify or erase your personal data or receive a copy of your personal data, restrict or object to the active processing of your data, ask us to share (portability) your personal information with another entity, withdraw any consent you have given us to process your data, a right to lodge a complaint with a statutory authority and other rights that may be relevant under applicable laws. To exercise these rights, you can write to us at Thethreerosesmarbella@gmail.com. We will respond to your request in accordance with applicable law.<br \/>Please note that if you do not allow us to collect or process the required personal information or you withdraw your consent to process it for the required purposes, you may not be able to access or use the services for which your information was requested.<\/p><p>Cookies, Etc.<br \/>For more information about how we use these tracking technologies and your choices in relation to these technologies, please see our Cookie Policy.<\/p><p>Security:<br \/>The security of your information is important to us and we will use reasonable security measures to prevent the loss, misuse or unauthorised alteration of your information under our control. However, given the inherent nature of the risks, we cannot guarantee absolute security and, accordingly, we cannot ensure or warrant the security of any information you transmit to us and you do so at your own risk.<\/p><p>Data Protection Officer \/ Complaints:<br \/>If you have any queries or concerns about the processing of your information that is available with us, you may send an email to our Complaints Officer at The Three Roses, Colonia El Angel, Nueva Andalucia, Marbella, Malaga, email: Thethreerosesmarbella@gmail.com. We will address your concerns in accordance with applicable law.<\/p><p>Privacy Policy generated with CookieYes.<\/p>\t\t\t\t\t\t<\/div>\n\t\t\t\t<\/div>\n\t\t\t\t<\/div>\n\t\t\t\t\t\t\t<\/div>","protected":false},"excerpt":{"rendered":"<p>Privacy Policy Privacy PolicyLast Updated: March 18, 2024Effective Date: March 18, 2024 This Privacy Policy describes the policies of The Three Roses, Colonia El Angel, Nueva Andalucia, Marbella, Malaga, Marbella 29660, Spain, email: Thethreerosesmarbella@gmail.com, phone: +34 634 623 965, regarding the collection, use and disclosure of personal information about ...<\/p>\n<p class=\"read-more\"> <a class=\"\" href=\"https:\/\/thethreeroses.es\/en\/privacidad\/\"> <span class=\"screen-reader-text\">Privacy Policy<\/span> Read More \"<\/a><\/p>","protected":false},"author":1,"featured_media":0,"parent":0,"menu_order":0,"comment_status":"closed","ping_status":"closed","template":"","meta":{"site-sidebar-layout":"no-sidebar","site-content-layout":"","ast-site-content-layout":"full-width-container","site-content-style":"default","site-sidebar-style":"default","ast-global-header-display":"","ast-banner-title-visibility":"","ast-main-header-display":"","ast-hfb-above-header-display":"","ast-hfb-below-header-display":"","ast-hfb-mobile-header-display":"","site-post-title":"disabled","ast-breadcrumbs-content":"","ast-featured-img":"disabled","footer-sml-layout":"","theme-transparent-header-meta":"","adv-header-id-meta":"","stick-header-meta":"","header-above-stick-meta":"","header-main-stick-meta":"","header-below-stick-meta":"","astra-migrate-meta-layouts":"","footnotes":""},"yoast_head":"<!-- This site is optimized with the Yoast SEO plugin v22.3 - https:\/\/yoast.com\/wordpress\/plugins\/seo\/ -->\n<title>Pol\u00edtica de Privacidad - The Three Roses<\/title>\n<meta name=\"robots\" content=\"index, follow, max-snippet:-1, max-image-preview:large, max-video-preview:-1\" \/>\n<link rel=\"canonical\" href=\"https:\/\/thethreeroses.es\/en\/privacidad\/\" \/>\n<meta property=\"og:locale\" content=\"en_GB\" \/>\n<meta property=\"og:type\" content=\"article\" \/>\n<meta property=\"og:title\" content=\"Pol\u00edtica de Privacidad - The Three Roses\" \/>\n<meta property=\"og:description\" content=\"Pol\u00edtica de Privacidad Pol\u00edtica de Privacidad\u00daltima Actualizaci\u00f3n: 18 de marzo de 2024Fecha de Entrada en Vigor: 18 de marzo de 2024 Esta Pol\u00edtica de Privacidad describe las pol\u00edticas de The Three Roses, Colonia El \u00c1ngel, Nueva Andaluc\u00eda, Marbella, M\u00e1laga, Marbella 29660, Espa\u00f1a, correo electr\u00f3nico: Thethreerosesmarbella@gmail.com, tel\u00e9fono: +34 634 623 965, sobre la recopilaci\u00f3n, uso y &hellip; Pol\u00edtica de Privacidad Read More &raquo;\" \/>\n<meta property=\"og:url\" content=\"https:\/\/thethreeroses.es\/en\/privacidad\/\" \/>\n<meta property=\"og:site_name\" content=\"The Three Roses\" \/>\n<meta property=\"article:modified_time\" content=\"2024-03-18T22:48:33+00:00\" \/>\n<meta property=\"og:image\" content=\"https:\/\/thethreeroses.es\/wp-content\/uploads\/2024\/03\/photo_2024-03-11_23-09-55.jpg\" \/>\n\t<meta property=\"og:image:width\" content=\"1280\" \/>\n\t<meta property=\"og:image:height\" content=\"720\" \/>\n\t<meta property=\"og:image:type\" content=\"image\/jpeg\" \/>\n<meta name=\"twitter:card\" content=\"summary_large_image\" \/>\n<meta name=\"twitter:label1\" content=\"Estimated reading time\" \/>\n\t<meta name=\"twitter:data1\" content=\"3 minutes\" \/>\n<script type=\"application\/ld+json\" class=\"yoast-schema-graph\">{\"@context\":\"https:\/\/schema.org\",\"@graph\":[{\"@type\":\"WebPage\",\"@id\":\"https:\/\/thethreeroses.es\/privacidad\/\",\"url\":\"https:\/\/thethreeroses.es\/privacidad\/\",\"name\":\"Pol\u00edtica de Privacidad - The Three Roses\",\"isPartOf\":{\"@id\":\"https:\/\/thethreeroses.es\/#website\"},\"datePublished\":\"2024-03-18T22:40:15+00:00\",\"dateModified\":\"2024-03-18T22:48:33+00:00\",\"breadcrumb\":{\"@id\":\"https:\/\/thethreeroses.es\/privacidad\/#breadcrumb\"},\"inLanguage\":\"en-GB\",\"potentialAction\":[{\"@type\":\"ReadAction\",\"target\":[\"https:\/\/thethreeroses.es\/privacidad\/\"]}]},{\"@type\":\"BreadcrumbList\",\"@id\":\"https:\/\/thethreeroses.es\/privacidad\/#breadcrumb\",\"itemListElement\":[{\"@type\":\"ListItem\",\"position\":1,\"name\":\"Home\",\"item\":\"https:\/\/thethreeroses.es\/\"},{\"@type\":\"ListItem\",\"position\":2,\"name\":\"Pol\u00edtica de Privacidad\"}]},{\"@type\":\"WebSite\",\"@id\":\"https:\/\/thethreeroses.es\/#website\",\"url\":\"https:\/\/thethreeroses.es\/\",\"name\":\"The Three Roses Bar-Cafeter\u00eda en Marbella\",\"description\":\"\",\"alternateName\":\"The Three Roses\",\"potentialAction\":[{\"@type\":\"SearchAction\",\"target\":{\"@type\":\"EntryPoint\",\"urlTemplate\":\"https:\/\/thethreeroses.es\/?s={search_term_string}\"},\"query-input\":\"required name=search_term_string\"}],\"inLanguage\":\"en-GB\"}]}<\/script>\n<!-- \/ Yoast SEO plugin. -->","yoast_head_json":{"title":"Pol\u00edtica de Privacidad - The Three Roses","robots":{"index":"index","follow":"follow","max-snippet":"max-snippet:-1","max-image-preview":"max-image-preview:large","max-video-preview":"max-video-preview:-1"},"canonical":"https:\/\/thethreeroses.es\/en\/privacidad\/","og_locale":"en_GB","og_type":"article","og_title":"Pol\u00edtica de Privacidad - The Three Roses","og_description":"Pol\u00edtica de Privacidad Pol\u00edtica de Privacidad\u00daltima Actualizaci\u00f3n: 18 de marzo de 2024Fecha de Entrada en Vigor: 18 de marzo de 2024 Esta Pol\u00edtica de Privacidad describe las pol\u00edticas de The Three Roses, Colonia El \u00c1ngel, Nueva Andaluc\u00eda, Marbella, M\u00e1laga, Marbella 29660, Espa\u00f1a, correo electr\u00f3nico: Thethreerosesmarbella@gmail.com, tel\u00e9fono: +34 634 623 965, sobre la recopilaci\u00f3n, uso y &hellip; Pol\u00edtica de Privacidad Read More &raquo;","og_url":"https:\/\/thethreeroses.es\/en\/privacidad\/","og_site_name":"The Three Roses","article_modified_time":"2024-03-18T22:48:33+00:00","og_image":[{"width":1280,"height":720,"url":"https:\/\/thethreeroses.es\/wp-content\/uploads\/2024\/03\/photo_2024-03-11_23-09-55.jpg","type":"image\/jpeg"}],"twitter_card":"summary_large_image","twitter_misc":{"Estimated reading time":"3 minutes"},"schema":{"@context":"https:\/\/schema.org","@graph":[{"@type":"WebPage","@id":"https:\/\/thethreeroses.es\/privacidad\/","url":"https:\/\/thethreeroses.es\/privacidad\/","name":"Pol\u00edtica de Privacidad - The Three Roses","isPartOf":{"@id":"https:\/\/thethreeroses.es\/#website"},"datePublished":"2024-03-18T22:40:15+00:00","dateModified":"2024-03-18T22:48:33+00:00","breadcrumb":{"@id":"https:\/\/thethreeroses.es\/privacidad\/#breadcrumb"},"inLanguage":"en-GB","potentialAction":[{"@type":"ReadAction","target":["https:\/\/thethreeroses.es\/privacidad\/"]}]},{"@type":"BreadcrumbList","@id":"https:\/\/thethreeroses.es\/privacidad\/#breadcrumb","itemListElement":[{"@type":"ListItem","position":1,"name":"Home","item":"https:\/\/thethreeroses.es\/"},{"@type":"ListItem","position":2,"name":"Pol\u00edtica de Privacidad"}]},{"@type":"WebSite","@id":"https:\/\/thethreeroses.es\/#website","url":"https:\/\/thethreeroses.es\/","name":"The Three Roses Bar-Cafeter\u00eda en Marbella","description":"","alternateName":"The Three Roses","potentialAction":[{"@type":"SearchAction","target":{"@type":"EntryPoint","urlTemplate":"https:\/\/thethreeroses.es\/?s={search_term_string}"},"query-input":"required name=search_term_string"}],"inLanguage":"en-GB"}]}},"_links":{"self":[{"href":"https:\/\/thethreeroses.es\/en\/wp-json\/wp\/v2\/pages\/723"}],"collection":[{"href":"https:\/\/thethreeroses.es\/en\/wp-json\/wp\/v2\/pages"}],"about":[{"href":"https:\/\/thethreeroses.es\/en\/wp-json\/wp\/v2\/types\/page"}],"author":[{"embeddable":true,"href":"https:\/\/thethreeroses.es\/en\/wp-json\/wp\/v2\/users\/1"}],"replies":[{"embeddable":true,"href":"https:\/\/thethreeroses.es\/en\/wp-json\/wp\/v2\/comments?post=723"}],"version-history":[{"count":8,"href":"https:\/\/thethreeroses.es\/en\/wp-json\/wp\/v2\/pages\/723\/revisions"}],"predecessor-version":[{"id":751,"href":"https:\/\/thethreeroses.es\/en\/wp-json\/wp\/v2\/pages\/723\/revisions\/751"}],"wp:attachment":[{"href":"https:\/\/thethreeroses.es\/en\/wp-json\/wp\/v2\/media?parent=723"}],"curies":[{"name":"wp","href":"https:\/\/api.w.org\/{rel}","templated":true}]}}